{"id":10310,"date":"2025-11-03T10:47:56","date_gmt":"2025-11-03T10:47:56","guid":{"rendered":"https:\/\/andreleonardo.com\/?page_id=10310"},"modified":"2025-11-03T10:48:51","modified_gmt":"2025-11-03T10:48:51","slug":"teste","status":"publish","type":"page","link":"https:\/\/andreleonardo.com\/en\/teste\/","title":{"rendered":"teste"},"content":{"rendered":"<div data-elementor-type=\"wp-page\" data-elementor-id=\"10310\" class=\"elementor elementor-10310\" data-elementor-post-type=\"page\">\n\t\t\t\t<div class=\"elementor-element elementor-element-12977e1 e-flex e-con-boxed e-con e-parent\" data-id=\"12977e1\" data-element_type=\"container\" data-e-type=\"container\" data-settings=\"{&quot;background_background&quot;:&quot;classic&quot;}\">\n\t\t\t\t\t<div class=\"e-con-inner\">\n\t\t<div class=\"elementor-element elementor-element-8b724b1 e-con-full e-flex elementor-invisible e-con e-child\" data-id=\"8b724b1\" data-element_type=\"container\" data-e-type=\"container\" data-settings=\"{&quot;animation&quot;:&quot;fadeInRight&quot;}\">\n\t\t\t\t<div class=\"elementor-element elementor-element-a1586a7 elementor-widget elementor-widget-heading\" data-id=\"a1586a7\" data-element_type=\"widget\" data-e-type=\"widget\" data-widget_type=\"heading.default\">\n\t\t\t\t<div class=\"elementor-widget-container\">\n\t\t\t\t\t<h2 class=\"elementor-heading-title elementor-size-default\">Who is it for?<\/h2>\t\t\t\t<\/div>\n\t\t\t\t<\/div>\n\t\t\t\t<\/div>\n\t\t<div class=\"elementor-element elementor-element-34adbe3 e-con-full e-flex elementor-invisible e-con e-child\" data-id=\"34adbe3\" data-element_type=\"container\" data-e-type=\"container\" data-settings=\"{&quot;animation&quot;:&quot;fadeInUp&quot;}\">\n\t\t<div class=\"elementor-element elementor-element-bcf35e5 e-con-full e-flex e-con e-child\" data-id=\"bcf35e5\" data-element_type=\"container\" data-e-type=\"container\">\n\t\t\t\t<div class=\"elementor-element elementor-element-f3d85ef elementor-position-left elementor-vertical-align-middle elementor-widget elementor-widget-image-box\" data-id=\"f3d85ef\" data-element_type=\"widget\" data-e-type=\"widget\" data-widget_type=\"image-box.default\">\n\t\t\t\t<div class=\"elementor-widget-container\">\n\t\t\t\t\t<div class=\"elementor-image-box-wrapper\"><figure class=\"elementor-image-box-img\"><img decoding=\"async\" width=\"164\" height=\"164\" src=\"https:\/\/andreleonardo.com\/wp-content\/uploads\/2025\/08\/fi_13771289.webp\" class=\"attachment-full size-full wp-image-6947\" alt=\"\" srcset=\"https:\/\/andreleonardo.com\/wp-content\/uploads\/2025\/08\/fi_13771289.webp 164w, https:\/\/andreleonardo.com\/wp-content\/uploads\/2025\/08\/fi_13771289-150x150.webp 150w, https:\/\/andreleonardo.com\/wp-content\/uploads\/2025\/08\/fi_13771289-100x100.webp 100w\" sizes=\"(max-width: 164px) 100vw, 164px\" \/><\/figure><div class=\"elementor-image-box-content\"><h3 class=\"elementor-image-box-title\">Speaker \/ Trainer<\/h3><p class=\"elementor-image-box-description\">with potential who want to develop\ntheir career<\/p><\/div><\/div>\t\t\t\t<\/div>\n\t\t\t\t<\/div>\n\t\t\t\t<\/div>\n\t\t<div class=\"elementor-element elementor-element-922b15b e-con-full e-flex e-con e-child\" data-id=\"922b15b\" data-element_type=\"container\" data-e-type=\"container\">\n\t\t\t\t<div class=\"elementor-element elementor-element-e21fb50 elementor-position-left elementor-vertical-align-middle elementor-widget elementor-widget-image-box\" data-id=\"e21fb50\" data-element_type=\"widget\" data-e-type=\"widget\" data-widget_type=\"image-box.default\">\n\t\t\t\t<div class=\"elementor-widget-container\">\n\t\t\t\t\t<div class=\"elementor-image-box-wrapper\"><figure class=\"elementor-image-box-img\"><img decoding=\"async\" width=\"163\" height=\"163\" src=\"https:\/\/andreleonardo.com\/wp-content\/uploads\/2025\/08\/fi_2666506.webp\" class=\"attachment-full size-full wp-image-6948\" alt=\"\" srcset=\"https:\/\/andreleonardo.com\/wp-content\/uploads\/2025\/08\/fi_2666506.webp 163w, https:\/\/andreleonardo.com\/wp-content\/uploads\/2025\/08\/fi_2666506-150x150.webp 150w, https:\/\/andreleonardo.com\/wp-content\/uploads\/2025\/08\/fi_2666506-100x100.webp 100w\" sizes=\"(max-width: 163px) 100vw, 163px\" \/><\/figure><div class=\"elementor-image-box-content\"><h3 class=\"elementor-image-box-title\">Leaders<\/h3><p class=\"elementor-image-box-description\">Leaders of teams and companies who want to enhance their content and stage impact<\/p><\/div><\/div>\t\t\t\t<\/div>\n\t\t\t\t<\/div>\n\t\t\t\t<\/div>\n\t\t\t\t<\/div>\n\t\t\t\t\t<\/div>\n\t\t\t\t<\/div>\n\t\t\t\t<\/div>","protected":false},"excerpt":{"rendered":"<p>A Quem se Destina? Orador \/ Formador com potencial que querem desenvolver e potenciar a sua carreira L\u00edderes L\u00edderes de equipas e empresas que querem aprimorar os seus conte\u00fados e impacto em palco<\/p>","protected":false},"author":21,"featured_media":0,"parent":0,"menu_order":0,"comment_status":"closed","ping_status":"closed","template":"","meta":{"footnotes":""},"class_list":["post-10310","page","type-page","status-publish","hentry"],"yoast_head":"<!-- This site is optimized with the Yoast SEO plugin v27.5 - https:\/\/yoast.com\/product\/yoast-seo-wordpress\/ -->\n<title>teste - Andr\u00e9 Leonardo<\/title>\n<meta name=\"robots\" content=\"index, follow, max-snippet:-1, max-image-preview:large, max-video-preview:-1\" \/>\n<link rel=\"canonical\" href=\"https:\/\/andreleonardo.com\/en\/teste\/\" \/>\n<meta property=\"og:locale\" content=\"en_GB\" \/>\n<meta property=\"og:type\" content=\"article\" \/>\n<meta property=\"og:title\" content=\"teste - Andr\u00e9 Leonardo\" \/>\n<meta property=\"og:description\" content=\"A Quem se Destina? Orador \/ Formador com potencial que querem desenvolver e potenciar a sua carreira L\u00edderes L\u00edderes de equipas e empresas que querem aprimorar os seus conte\u00fados e impacto em palco\" \/>\n<meta property=\"og:url\" content=\"https:\/\/andreleonardo.com\/en\/teste\/\" \/>\n<meta property=\"og:site_name\" content=\"Andr\u00e9 Leonardo\" \/>\n<meta property=\"article:modified_time\" content=\"2025-11-03T10:48:51+00:00\" \/>\n<meta property=\"og:image\" content=\"https:\/\/andreleonardo.com\/wp-content\/uploads\/2025\/08\/fi_13771289.webp\" \/>\n<meta name=\"twitter:card\" content=\"summary_large_image\" \/>\n<meta name=\"twitter:label1\" content=\"Estimated reading time\" \/>\n\t<meta name=\"twitter:data1\" content=\"1 minute\" \/>\n<script type=\"application\/ld+json\" class=\"yoast-schema-graph\">{\"@context\":\"https:\\\/\\\/schema.org\",\"@graph\":[{\"@type\":\"WebPage\",\"@id\":\"https:\\\/\\\/andreleonardo.com\\\/teste\\\/\",\"url\":\"https:\\\/\\\/andreleonardo.com\\\/teste\\\/\",\"name\":\"teste - Andr\u00e9 Leonardo\",\"isPartOf\":{\"@id\":\"https:\\\/\\\/andreleonardo.com\\\/#website\"},\"primaryImageOfPage\":{\"@id\":\"https:\\\/\\\/andreleonardo.com\\\/teste\\\/#primaryimage\"},\"image\":{\"@id\":\"https:\\\/\\\/andreleonardo.com\\\/teste\\\/#primaryimage\"},\"thumbnailUrl\":\"https:\\\/\\\/andreleonardo.com\\\/wp-content\\\/uploads\\\/2025\\\/08\\\/fi_13771289.webp\",\"datePublished\":\"2025-11-03T10:47:56+00:00\",\"dateModified\":\"2025-11-03T10:48:51+00:00\",\"breadcrumb\":{\"@id\":\"https:\\\/\\\/andreleonardo.com\\\/teste\\\/#breadcrumb\"},\"inLanguage\":\"en-GB\",\"potentialAction\":[{\"@type\":\"ReadAction\",\"target\":[\"https:\\\/\\\/andreleonardo.com\\\/teste\\\/\"]}]},{\"@type\":\"ImageObject\",\"inLanguage\":\"en-GB\",\"@id\":\"https:\\\/\\\/andreleonardo.com\\\/teste\\\/#primaryimage\",\"url\":\"https:\\\/\\\/andreleonardo.com\\\/wp-content\\\/uploads\\\/2025\\\/08\\\/fi_13771289.webp\",\"contentUrl\":\"https:\\\/\\\/andreleonardo.com\\\/wp-content\\\/uploads\\\/2025\\\/08\\\/fi_13771289.webp\"},{\"@type\":\"BreadcrumbList\",\"@id\":\"https:\\\/\\\/andreleonardo.com\\\/teste\\\/#breadcrumb\",\"itemListElement\":[{\"@type\":\"ListItem\",\"position\":1,\"name\":\"In\u00edcio\",\"item\":\"https:\\\/\\\/andreleonardo.com\\\/\"},{\"@type\":\"ListItem\",\"position\":2,\"name\":\"teste\"}]},{\"@type\":\"WebSite\",\"@id\":\"https:\\\/\\\/andreleonardo.com\\\/#website\",\"url\":\"https:\\\/\\\/andreleonardo.com\\\/\",\"name\":\"Andr\u00e9 Leonardo\",\"description\":\"Empreendedor | Viajante | Autor &amp; Orador\",\"publisher\":{\"@id\":\"https:\\\/\\\/andreleonardo.com\\\/#\\\/schema\\\/person\\\/50b5e9bd1f5381610f015beef18c1dcd\"},\"potentialAction\":[{\"@type\":\"SearchAction\",\"target\":{\"@type\":\"EntryPoint\",\"urlTemplate\":\"https:\\\/\\\/andreleonardo.com\\\/?s={search_term_string}\"},\"query-input\":{\"@type\":\"PropertyValueSpecification\",\"valueRequired\":true,\"valueName\":\"search_term_string\"}}],\"inLanguage\":\"en-GB\"},{\"@type\":[\"Person\",\"Organization\"],\"@id\":\"https:\\\/\\\/andreleonardo.com\\\/#\\\/schema\\\/person\\\/50b5e9bd1f5381610f015beef18c1dcd\",\"name\":\"Andr\u00e9 Leonardo\",\"image\":{\"@type\":\"ImageObject\",\"inLanguage\":\"en-GB\",\"@id\":\"https:\\\/\\\/andreleonardo.com\\\/wp-content\\\/uploads\\\/2019\\\/09\\\/Andr\u00e9-Leonardo.jpg\",\"url\":\"https:\\\/\\\/andreleonardo.com\\\/wp-content\\\/uploads\\\/2019\\\/09\\\/Andr\u00e9-Leonardo.jpg\",\"contentUrl\":\"https:\\\/\\\/andreleonardo.com\\\/wp-content\\\/uploads\\\/2019\\\/09\\\/Andr\u00e9-Leonardo.jpg\",\"width\":1600,\"height\":500,\"caption\":\"Andr\u00e9 Leonardo\"},\"logo\":{\"@id\":\"https:\\\/\\\/andreleonardo.com\\\/wp-content\\\/uploads\\\/2019\\\/09\\\/Andr\u00e9-Leonardo.jpg\"},\"description\":\"Empreendedor | Viajante | Autor &amp; Orador\",\"sameAs\":[\"http:\\\/\\\/www.AndreLeonardo.com\"]}]}<\/script>\n<!-- \/ Yoast SEO plugin. -->","yoast_head_json":{"title":"teste - Andr\u00e9 Leonardo","robots":{"index":"index","follow":"follow","max-snippet":"max-snippet:-1","max-image-preview":"max-image-preview:large","max-video-preview":"max-video-preview:-1"},"canonical":"https:\/\/andreleonardo.com\/en\/teste\/","og_locale":"en_GB","og_type":"article","og_title":"teste - Andr\u00e9 Leonardo","og_description":"A Quem se Destina? Orador \/ Formador com potencial que querem desenvolver e potenciar a sua carreira L\u00edderes L\u00edderes de equipas e empresas que querem aprimorar os seus conte\u00fados e impacto em palco","og_url":"https:\/\/andreleonardo.com\/en\/teste\/","og_site_name":"Andr\u00e9 Leonardo","article_modified_time":"2025-11-03T10:48:51+00:00","og_image":[{"url":"https:\/\/andreleonardo.com\/wp-content\/uploads\/2025\/08\/fi_13771289.webp","type":"","width":"","height":""}],"twitter_card":"summary_large_image","twitter_misc":{"Estimated reading time":"1 minute"},"schema":{"@context":"https:\/\/schema.org","@graph":[{"@type":"WebPage","@id":"https:\/\/andreleonardo.com\/teste\/","url":"https:\/\/andreleonardo.com\/teste\/","name":"teste - Andr\u00e9 Leonardo","isPartOf":{"@id":"https:\/\/andreleonardo.com\/#website"},"primaryImageOfPage":{"@id":"https:\/\/andreleonardo.com\/teste\/#primaryimage"},"image":{"@id":"https:\/\/andreleonardo.com\/teste\/#primaryimage"},"thumbnailUrl":"https:\/\/andreleonardo.com\/wp-content\/uploads\/2025\/08\/fi_13771289.webp","datePublished":"2025-11-03T10:47:56+00:00","dateModified":"2025-11-03T10:48:51+00:00","breadcrumb":{"@id":"https:\/\/andreleonardo.com\/teste\/#breadcrumb"},"inLanguage":"en-GB","potentialAction":[{"@type":"ReadAction","target":["https:\/\/andreleonardo.com\/teste\/"]}]},{"@type":"ImageObject","inLanguage":"en-GB","@id":"https:\/\/andreleonardo.com\/teste\/#primaryimage","url":"https:\/\/andreleonardo.com\/wp-content\/uploads\/2025\/08\/fi_13771289.webp","contentUrl":"https:\/\/andreleonardo.com\/wp-content\/uploads\/2025\/08\/fi_13771289.webp"},{"@type":"BreadcrumbList","@id":"https:\/\/andreleonardo.com\/teste\/#breadcrumb","itemListElement":[{"@type":"ListItem","position":1,"name":"In\u00edcio","item":"https:\/\/andreleonardo.com\/"},{"@type":"ListItem","position":2,"name":"teste"}]},{"@type":"WebSite","@id":"https:\/\/andreleonardo.com\/#website","url":"https:\/\/andreleonardo.com\/","name":"Andr\u00e9 Leonardo","description":"Entrepreneur | Traveller | Author &amp; Speaker","publisher":{"@id":"https:\/\/andreleonardo.com\/#\/schema\/person\/50b5e9bd1f5381610f015beef18c1dcd"},"potentialAction":[{"@type":"SearchAction","target":{"@type":"EntryPoint","urlTemplate":"https:\/\/andreleonardo.com\/?s={search_term_string}"},"query-input":{"@type":"PropertyValueSpecification","valueRequired":true,"valueName":"search_term_string"}}],"inLanguage":"en-GB"},{"@type":["Person","Organization"],"@id":"https:\/\/andreleonardo.com\/#\/schema\/person\/50b5e9bd1f5381610f015beef18c1dcd","name":"Andr\u00e9 Leonardo","image":{"@type":"ImageObject","inLanguage":"en-GB","@id":"https:\/\/andreleonardo.com\/wp-content\/uploads\/2019\/09\/Andr\u00e9-Leonardo.jpg","url":"https:\/\/andreleonardo.com\/wp-content\/uploads\/2019\/09\/Andr\u00e9-Leonardo.jpg","contentUrl":"https:\/\/andreleonardo.com\/wp-content\/uploads\/2019\/09\/Andr\u00e9-Leonardo.jpg","width":1600,"height":500,"caption":"Andr\u00e9 Leonardo"},"logo":{"@id":"https:\/\/andreleonardo.com\/wp-content\/uploads\/2019\/09\/Andr\u00e9-Leonardo.jpg"},"description":"Entrepreneur | Traveller | Author &amp; Speaker","sameAs":["http:\/\/www.AndreLeonardo.com"]}]}},"_links":{"self":[{"href":"https:\/\/andreleonardo.com\/en\/wp-json\/wp\/v2\/pages\/10310","targetHints":{"allow":["GET"]}}],"collection":[{"href":"https:\/\/andreleonardo.com\/en\/wp-json\/wp\/v2\/pages"}],"about":[{"href":"https:\/\/andreleonardo.com\/en\/wp-json\/wp\/v2\/types\/page"}],"author":[{"embeddable":true,"href":"https:\/\/andreleonardo.com\/en\/wp-json\/wp\/v2\/users\/21"}],"replies":[{"embeddable":true,"href":"https:\/\/andreleonardo.com\/en\/wp-json\/wp\/v2\/comments?post=10310"}],"version-history":[{"count":0,"href":"https:\/\/andreleonardo.com\/en\/wp-json\/wp\/v2\/pages\/10310\/revisions"}],"wp:attachment":[{"href":"https:\/\/andreleonardo.com\/en\/wp-json\/wp\/v2\/media?parent=10310"}],"curies":[{"name":"wp","href":"https:\/\/api.w.org\/{rel}","templated":true}]}}