{"id":5131,"date":"2023-09-11T13:30:50","date_gmt":"2023-09-11T13:30:50","guid":{"rendered":"https:\/\/andreleonardo.com\/?post_type=product&#038;p=5131"},"modified":"2025-10-22T19:22:13","modified_gmt":"2025-10-22T19:22:13","slug":"bilhete-premium-faz-acontecer-talks2025","status":"publish","type":"product","link":"https:\/\/andreleonardo.com\/en\/product\/bilhete-premium-faz-acontecer-talks2025\/","title":{"rendered":"Premium Ticket - Faz Acontecer Talks 2025"},"content":{"rendered":"<p><strong>This ticket donates 100% to the Azores Regional Centre of the Portuguese League Against Cancer.<\/strong><\/p>\n<p>Every year we've been lucky enough to sell out the auditorium. We'd love the 2025 edition to continue this habit. If you're planning to come to the event, get your ticket as soon as possible to make sure you grab your place.<\/p>\n<p><strong>Only 10 tickets available.<\/strong><br \/>\nAccess to the event (normal audience)<br \/>\n\u2705 2 coffee breaks.<br \/>\n\u2705 Official event T-shirt;<br \/>\nVIP seating in the first centre rows next to the stage<br \/>\nNetworking dinner with speakers, sponsors and organisation<\/p>\n<p><strong>Planned programme<\/strong><br \/>\n12.30 p.m. Check-in<br \/>\n13:00 Start of Conference &amp; Opening Session<br \/>\n13h30-15h00 Panel \u201cMaking Life Happen\u201d - 3 inspiring stories of overcoming obstacles<br \/>\n15h00-15h30 Coffee break #1<br \/>\n15h30-17h00 Panel \u201cMaking Business Happen\u201d - 3 success stories in the business world<br \/>\n17h00-17h20 Coffee break #2<br \/>\n17h20-19h00 Panel \u201cInspiration to Make It Happen\u201d - 3 inspiring speakers who will make the auditorium reflect<br \/>\n19.30 Networking Dinner with speakers, sponsors and participants (premium tickets only)<\/p>","protected":false},"excerpt":{"rendered":"<p>Este bilhete reverte a 100% para N\u00facleo Regional dos A\u00e7ores da Liga Portuguesa Contra o Cancro. Em todas as edi\u00e7\u00f5es temos tido a sorte de esgotar o audit\u00f3rio. Adoravamos que a edi\u00e7\u00e3o de 2025 mantivesse este h\u00e1bito.Se pretendes vir ao evento, adquire o teu bilhete t\u00e3o r\u00e1pido quando poss\u00edvel para teres a certeza de que [&hellip;]<\/p>\n","protected":false},"featured_media":5134,"comment_status":"closed","ping_status":"closed","template":"","meta":[],"product_brand":[],"product_cat":[162],"product_tag":[],"class_list":{"0":"post-5131","1":"product","2":"type-product","3":"status-publish","4":"has-post-thumbnail","6":"product_cat-faz-acontecer-talks","8":"first","9":"outofstock","10":"virtual","11":"purchasable","12":"product-type-simple"},"yoast_head":"<!-- This site is optimized with the Yoast SEO plugin v27.5 - https:\/\/yoast.com\/product\/yoast-seo-wordpress\/ -->\n<title>Bilhete Premium - Faz Acontecer Talks 2025 - Andr\u00e9 Leonardo<\/title>\n<meta name=\"robots\" content=\"index, follow, max-snippet:-1, max-image-preview:large, max-video-preview:-1\" \/>\n<link rel=\"canonical\" href=\"https:\/\/andreleonardo.com\/en\/product\/bilhete-premium-faz-acontecer-talks2025\/\" \/>\n<meta property=\"og:locale\" content=\"en_GB\" \/>\n<meta property=\"og:type\" content=\"article\" \/>\n<meta property=\"og:title\" content=\"Bilhete Premium - Faz Acontecer Talks 2025 - Andr\u00e9 Leonardo\" \/>\n<meta property=\"og:description\" content=\"Este bilhete reverte a 100% para N\u00facleo Regional dos A\u00e7ores da Liga Portuguesa Contra o Cancro. Em todas as edi\u00e7\u00f5es temos tido a sorte de esgotar o audit\u00f3rio. Adoravamos que a edi\u00e7\u00e3o de 2025 mantivesse este h\u00e1bito.Se pretendes vir ao evento, adquire o teu bilhete t\u00e3o r\u00e1pido quando poss\u00edvel para teres a certeza de que [&hellip;]\" \/>\n<meta property=\"og:url\" content=\"https:\/\/andreleonardo.com\/en\/product\/bilhete-premium-faz-acontecer-talks2025\/\" \/>\n<meta property=\"og:site_name\" content=\"Andr\u00e9 Leonardo\" \/>\n<meta property=\"article:modified_time\" content=\"2025-10-22T19:22:13+00:00\" \/>\n<meta property=\"og:image\" content=\"https:\/\/andreleonardo.com\/wp-content\/uploads\/2023\/09\/Bilhete-Premium-min.jpeg\" \/>\n\t<meta property=\"og:image:width\" content=\"1600\" \/>\n\t<meta property=\"og:image:height\" content=\"1600\" \/>\n\t<meta property=\"og:image:type\" content=\"image\/jpeg\" \/>\n<meta name=\"twitter:card\" content=\"summary_large_image\" \/>\n<meta name=\"twitter:label1\" content=\"Estimated reading time\" \/>\n\t<meta name=\"twitter:data1\" content=\"2 minutes\" \/>\n<script type=\"application\/ld+json\" class=\"yoast-schema-graph\">{\"@context\":\"https:\\\/\\\/schema.org\",\"@graph\":[{\"@type\":\"WebPage\",\"@id\":\"https:\\\/\\\/andreleonardo.com\\\/produto\\\/bilhete-premium-faz-acontecer-talks2025\\\/\",\"url\":\"https:\\\/\\\/andreleonardo.com\\\/produto\\\/bilhete-premium-faz-acontecer-talks2025\\\/\",\"name\":\"Bilhete Premium - Faz Acontecer Talks 2025 - Andr\u00e9 Leonardo\",\"isPartOf\":{\"@id\":\"https:\\\/\\\/andreleonardo.com\\\/#website\"},\"primaryImageOfPage\":{\"@id\":\"https:\\\/\\\/andreleonardo.com\\\/produto\\\/bilhete-premium-faz-acontecer-talks2025\\\/#primaryimage\"},\"image\":{\"@id\":\"https:\\\/\\\/andreleonardo.com\\\/produto\\\/bilhete-premium-faz-acontecer-talks2025\\\/#primaryimage\"},\"thumbnailUrl\":\"https:\\\/\\\/andreleonardo.com\\\/wp-content\\\/uploads\\\/2023\\\/09\\\/Bilhete-Premium-min.jpeg\",\"datePublished\":\"2023-09-11T13:30:50+00:00\",\"dateModified\":\"2025-10-22T19:22:13+00:00\",\"breadcrumb\":{\"@id\":\"https:\\\/\\\/andreleonardo.com\\\/produto\\\/bilhete-premium-faz-acontecer-talks2025\\\/#breadcrumb\"},\"inLanguage\":\"en-GB\",\"potentialAction\":[{\"@type\":\"ReadAction\",\"target\":[\"https:\\\/\\\/andreleonardo.com\\\/produto\\\/bilhete-premium-faz-acontecer-talks2025\\\/\"]}]},{\"@type\":\"ImageObject\",\"inLanguage\":\"en-GB\",\"@id\":\"https:\\\/\\\/andreleonardo.com\\\/produto\\\/bilhete-premium-faz-acontecer-talks2025\\\/#primaryimage\",\"url\":\"https:\\\/\\\/andreleonardo.com\\\/wp-content\\\/uploads\\\/2023\\\/09\\\/Bilhete-Premium-min.jpeg\",\"contentUrl\":\"https:\\\/\\\/andreleonardo.com\\\/wp-content\\\/uploads\\\/2023\\\/09\\\/Bilhete-Premium-min.jpeg\",\"width\":1600,\"height\":1600},{\"@type\":\"BreadcrumbList\",\"@id\":\"https:\\\/\\\/andreleonardo.com\\\/produto\\\/bilhete-premium-faz-acontecer-talks2025\\\/#breadcrumb\",\"itemListElement\":[{\"@type\":\"ListItem\",\"position\":1,\"name\":\"In\u00edcio\",\"item\":\"https:\\\/\\\/andreleonardo.com\\\/\"},{\"@type\":\"ListItem\",\"position\":2,\"name\":\"Loja\",\"item\":\"https:\\\/\\\/andreleonardo.com\\\/loja\\\/\"},{\"@type\":\"ListItem\",\"position\":3,\"name\":\"Bilhete Premium &#8211; Faz Acontecer Talks 2025\"}]},{\"@type\":\"WebSite\",\"@id\":\"https:\\\/\\\/andreleonardo.com\\\/#website\",\"url\":\"https:\\\/\\\/andreleonardo.com\\\/\",\"name\":\"Andr\u00e9 Leonardo\",\"description\":\"Empreendedor | Viajante | Autor &amp; Orador\",\"publisher\":{\"@id\":\"https:\\\/\\\/andreleonardo.com\\\/#\\\/schema\\\/person\\\/50b5e9bd1f5381610f015beef18c1dcd\"},\"potentialAction\":[{\"@type\":\"SearchAction\",\"target\":{\"@type\":\"EntryPoint\",\"urlTemplate\":\"https:\\\/\\\/andreleonardo.com\\\/?s={search_term_string}\"},\"query-input\":{\"@type\":\"PropertyValueSpecification\",\"valueRequired\":true,\"valueName\":\"search_term_string\"}}],\"inLanguage\":\"en-GB\"},{\"@type\":[\"Person\",\"Organization\"],\"@id\":\"https:\\\/\\\/andreleonardo.com\\\/#\\\/schema\\\/person\\\/50b5e9bd1f5381610f015beef18c1dcd\",\"name\":\"Andr\u00e9 Leonardo\",\"image\":{\"@type\":\"ImageObject\",\"inLanguage\":\"en-GB\",\"@id\":\"https:\\\/\\\/andreleonardo.com\\\/wp-content\\\/uploads\\\/2019\\\/09\\\/Andr\u00e9-Leonardo.jpg\",\"url\":\"https:\\\/\\\/andreleonardo.com\\\/wp-content\\\/uploads\\\/2019\\\/09\\\/Andr\u00e9-Leonardo.jpg\",\"contentUrl\":\"https:\\\/\\\/andreleonardo.com\\\/wp-content\\\/uploads\\\/2019\\\/09\\\/Andr\u00e9-Leonardo.jpg\",\"width\":1600,\"height\":500,\"caption\":\"Andr\u00e9 Leonardo\"},\"logo\":{\"@id\":\"https:\\\/\\\/andreleonardo.com\\\/wp-content\\\/uploads\\\/2019\\\/09\\\/Andr\u00e9-Leonardo.jpg\"},\"description\":\"Empreendedor | Viajante | Autor &amp; Orador\",\"sameAs\":[\"http:\\\/\\\/www.AndreLeonardo.com\"]}]}<\/script>\n<!-- \/ Yoast SEO plugin. -->","yoast_head_json":{"title":"Bilhete Premium - Faz Acontecer Talks 2025 - Andr\u00e9 Leonardo","robots":{"index":"index","follow":"follow","max-snippet":"max-snippet:-1","max-image-preview":"max-image-preview:large","max-video-preview":"max-video-preview:-1"},"canonical":"https:\/\/andreleonardo.com\/en\/product\/bilhete-premium-faz-acontecer-talks2025\/","og_locale":"en_GB","og_type":"article","og_title":"Bilhete Premium - Faz Acontecer Talks 2025 - Andr\u00e9 Leonardo","og_description":"Este bilhete reverte a 100% para N\u00facleo Regional dos A\u00e7ores da Liga Portuguesa Contra o Cancro. Em todas as edi\u00e7\u00f5es temos tido a sorte de esgotar o audit\u00f3rio. Adoravamos que a edi\u00e7\u00e3o de 2025 mantivesse este h\u00e1bito.Se pretendes vir ao evento, adquire o teu bilhete t\u00e3o r\u00e1pido quando poss\u00edvel para teres a certeza de que [&hellip;]","og_url":"https:\/\/andreleonardo.com\/en\/product\/bilhete-premium-faz-acontecer-talks2025\/","og_site_name":"Andr\u00e9 Leonardo","article_modified_time":"2025-10-22T19:22:13+00:00","og_image":[{"width":1600,"height":1600,"url":"https:\/\/andreleonardo.com\/wp-content\/uploads\/2023\/09\/Bilhete-Premium-min.jpeg","type":"image\/jpeg"}],"twitter_card":"summary_large_image","twitter_misc":{"Estimated reading time":"2 minutes"},"schema":{"@context":"https:\/\/schema.org","@graph":[{"@type":"WebPage","@id":"https:\/\/andreleonardo.com\/produto\/bilhete-premium-faz-acontecer-talks2025\/","url":"https:\/\/andreleonardo.com\/produto\/bilhete-premium-faz-acontecer-talks2025\/","name":"Bilhete Premium - Faz Acontecer Talks 2025 - Andr\u00e9 Leonardo","isPartOf":{"@id":"https:\/\/andreleonardo.com\/#website"},"primaryImageOfPage":{"@id":"https:\/\/andreleonardo.com\/produto\/bilhete-premium-faz-acontecer-talks2025\/#primaryimage"},"image":{"@id":"https:\/\/andreleonardo.com\/produto\/bilhete-premium-faz-acontecer-talks2025\/#primaryimage"},"thumbnailUrl":"https:\/\/andreleonardo.com\/wp-content\/uploads\/2023\/09\/Bilhete-Premium-min.jpeg","datePublished":"2023-09-11T13:30:50+00:00","dateModified":"2025-10-22T19:22:13+00:00","breadcrumb":{"@id":"https:\/\/andreleonardo.com\/produto\/bilhete-premium-faz-acontecer-talks2025\/#breadcrumb"},"inLanguage":"en-GB","potentialAction":[{"@type":"ReadAction","target":["https:\/\/andreleonardo.com\/produto\/bilhete-premium-faz-acontecer-talks2025\/"]}]},{"@type":"ImageObject","inLanguage":"en-GB","@id":"https:\/\/andreleonardo.com\/produto\/bilhete-premium-faz-acontecer-talks2025\/#primaryimage","url":"https:\/\/andreleonardo.com\/wp-content\/uploads\/2023\/09\/Bilhete-Premium-min.jpeg","contentUrl":"https:\/\/andreleonardo.com\/wp-content\/uploads\/2023\/09\/Bilhete-Premium-min.jpeg","width":1600,"height":1600},{"@type":"BreadcrumbList","@id":"https:\/\/andreleonardo.com\/produto\/bilhete-premium-faz-acontecer-talks2025\/#breadcrumb","itemListElement":[{"@type":"ListItem","position":1,"name":"In\u00edcio","item":"https:\/\/andreleonardo.com\/"},{"@type":"ListItem","position":2,"name":"Loja","item":"https:\/\/andreleonardo.com\/loja\/"},{"@type":"ListItem","position":3,"name":"Bilhete Premium &#8211; Faz Acontecer Talks 2025"}]},{"@type":"WebSite","@id":"https:\/\/andreleonardo.com\/#website","url":"https:\/\/andreleonardo.com\/","name":"Andr\u00e9 Leonardo","description":"Entrepreneur | Traveller | Author &amp; Speaker","publisher":{"@id":"https:\/\/andreleonardo.com\/#\/schema\/person\/50b5e9bd1f5381610f015beef18c1dcd"},"potentialAction":[{"@type":"SearchAction","target":{"@type":"EntryPoint","urlTemplate":"https:\/\/andreleonardo.com\/?s={search_term_string}"},"query-input":{"@type":"PropertyValueSpecification","valueRequired":true,"valueName":"search_term_string"}}],"inLanguage":"en-GB"},{"@type":["Person","Organization"],"@id":"https:\/\/andreleonardo.com\/#\/schema\/person\/50b5e9bd1f5381610f015beef18c1dcd","name":"Andr\u00e9 Leonardo","image":{"@type":"ImageObject","inLanguage":"en-GB","@id":"https:\/\/andreleonardo.com\/wp-content\/uploads\/2019\/09\/Andr\u00e9-Leonardo.jpg","url":"https:\/\/andreleonardo.com\/wp-content\/uploads\/2019\/09\/Andr\u00e9-Leonardo.jpg","contentUrl":"https:\/\/andreleonardo.com\/wp-content\/uploads\/2019\/09\/Andr\u00e9-Leonardo.jpg","width":1600,"height":500,"caption":"Andr\u00e9 Leonardo"},"logo":{"@id":"https:\/\/andreleonardo.com\/wp-content\/uploads\/2019\/09\/Andr\u00e9-Leonardo.jpg"},"description":"Entrepreneur | Traveller | Author &amp; Speaker","sameAs":["http:\/\/www.AndreLeonardo.com"]}]}},"_links":{"self":[{"href":"https:\/\/andreleonardo.com\/en\/wp-json\/wp\/v2\/product\/5131","targetHints":{"allow":["GET"]}}],"collection":[{"href":"https:\/\/andreleonardo.com\/en\/wp-json\/wp\/v2\/product"}],"about":[{"href":"https:\/\/andreleonardo.com\/en\/wp-json\/wp\/v2\/types\/product"}],"replies":[{"embeddable":true,"href":"https:\/\/andreleonardo.com\/en\/wp-json\/wp\/v2\/comments?post=5131"}],"wp:featuredmedia":[{"embeddable":true,"href":"https:\/\/andreleonardo.com\/en\/wp-json\/wp\/v2\/media\/5134"}],"wp:attachment":[{"href":"https:\/\/andreleonardo.com\/en\/wp-json\/wp\/v2\/media?parent=5131"}],"wp:term":[{"taxonomy":"product_brand","embeddable":true,"href":"https:\/\/andreleonardo.com\/en\/wp-json\/wp\/v2\/product_brand?post=5131"},{"taxonomy":"product_cat","embeddable":true,"href":"https:\/\/andreleonardo.com\/en\/wp-json\/wp\/v2\/product_cat?post=5131"},{"taxonomy":"product_tag","embeddable":true,"href":"https:\/\/andreleonardo.com\/en\/wp-json\/wp\/v2\/product_tag?post=5131"}],"curies":[{"name":"wp","href":"https:\/\/api.w.org\/{rel}","templated":true}]}}